{"id":58502,"date":"2017-03-19T20:41:43","date_gmt":"2017-03-19T19:41:43","guid":{"rendered":"http:\/\/www.elea.si\/company\/"},"modified":"2026-03-20T15:28:56","modified_gmt":"2026-03-20T14:28:56","slug":"company","status":"publish","type":"page","link":"https:\/\/www.elea.si\/en\/company\/","title":{"rendered":"Company"},"content":{"rendered":"<div class=\"wpb-content-wrapper\"><p>[vc_row row_height_percent=&#8221;0&#8243; override_padding=&#8221;yes&#8221; h_padding=&#8221;2&#8243; top_padding=&#8221;4&#8243; bottom_padding=&#8221;3&#8243; overlay_alpha=&#8221;50&#8243; gutter_size=&#8221;3&#8243; shift_y=&#8221;0&#8243; row_name=&#8221;History&#8221;][vc_column column_width_percent=&#8221;100&#8243; gutter_size=&#8221;3&#8243; overlay_alpha=&#8221;50&#8243; shift_x=&#8221;0&#8243; shift_y=&#8221;0&#8243; z_index=&#8221;0&#8243; medium_width=&#8221;0&#8243; css_animation=&#8221;bottom-t-top&#8221; width=&#8221;1\/3&#8243;][vc_custom_heading text_size=&#8221;h4&#8243; separator_color=&#8221;yes&#8221; separator=&#8221;yes&#8221; sub_reduced=&#8221;yes&#8221;]Interdisciplinary consultants without geographical or technical boundaries[\/vc_custom_heading][vc_column_text css=&#8221;.vc_custom_1673443614208{margin-top: 24px !important;}&#8221; uncode_shortcode_id=&#8221;135237&#8243;]Since its inception in 1991, Elea has become one of the largest privately owned engineering and consulting companies in Slovenia. In order to facilitate access to international markets, we joined the interdisciplinary consulting group iC Group in 2002 and became Elea iC.[\/vc_column_text][\/vc_column][vc_column column_width_percent=&#8221;100&#8243; gutter_size=&#8221;3&#8243; overlay_alpha=&#8221;50&#8243; shift_x=&#8221;0&#8243; shift_y=&#8221;0&#8243; z_index=&#8221;0&#8243; medium_width=&#8221;0&#8243; css_animation=&#8221;bottom-t-top&#8221; animation_delay=&#8221;300&#8243; width=&#8221;1\/3&#8243;][vc_column_text uncode_shortcode_id=&#8221;124628&#8243;]This was an important step for both sides, since the Austrian group iC thus got its first non-Austrian co-owners, and we the first non-Slovenian. Together we operate as a continuously growing international group of &#8220;interdisciplinary consultants&#8221;. With such mutual associations we expanded the range of our services, which should lead to interdisciplinary cooperation without geographical or technical boundaries. We believe that this is a goal that is worth representing under a common flag.[\/vc_column_text][\/vc_column][vc_column column_width_percent=&#8221;100&#8243; gutter_size=&#8221;3&#8243; overlay_alpha=&#8221;50&#8243; shift_x=&#8221;0&#8243; shift_y=&#8221;0&#8243; z_index=&#8221;0&#8243; medium_width=&#8221;0&#8243; css_animation=&#8221;bottom-t-top&#8221; animation_delay=&#8221;600&#8243; width=&#8221;1\/3&#8243;][vc_column_text]Despite the continuous growth, Elea\u00a0keeps its\u00a0atmosphere of enthusiasm and efficiency.\u00a0Credit for this goes to professionalism and reliability of all employees who see the company as a loyal employer with a social sensibility.\u00a0Elea stands behind its people, and they keep their affiliation.\u00a0Of course, to all Eleats Elea represents a way of life.[\/vc_column_text][vc_single_image media=&#8221;60870&#8243; media_lightbox=&#8221;yes&#8221; media_width_percent=&#8221;55&#8243; alignment=&#8221;right&#8221;][\/vc_column][\/vc_row][vc_row unlock_row_content=&#8221;yes&#8221; row_height_percent=&#8221;0&#8243; override_padding=&#8221;yes&#8221; h_padding=&#8221;0&#8243; top_padding=&#8221;2&#8243; bottom_padding=&#8221;2&#8243; overlay_alpha=&#8221;50&#8243; gutter_size=&#8221;3&#8243; shift_y=&#8221;0&#8243; row_name=&#8221;Experts&#8221;][vc_column width=&#8221;1\/1&#8243;][vc_separator sep_color=&#8221;color-uydo&#8221;][vc_gallery el_id=&#8221;gallery-187792&#8243; isotope_mode=&#8221;packery&#8221; medias=&#8221;59819,59818,59751,59750,59892,59885,63606,63598,63592,59686,63005,59645,63608,59647,59673,58564,59820,59874,63576,59677,59661,63594,61742,59879,59824,59690,63010,62967,59624,59625,59644,62970,59679,59662,59666,59648,59898,59900,59694,59675,59881,59664,59896,59660,62993,59876,59877,59671,59693,59825,59893,59780,59668,63578,59670,59878,62974,59676,63054,58565,59753,63582,63586,63055,63590,63588,63107,63570,60930,60942,63596,63572,63600,62962,63584,62074,63580,63058,63610,63602,62996,63613,63044,63041,63024,63029,63025,63012,63040,63013,63000,62991,62982,63073,64304&#8243; filtering=&#8221;yes&#8221; filtering_full_width=&#8221;yes&#8221; filtering_position=&#8221;center&#8221; filtering_uppercase=&#8221;yes&#8221; gutter_size=&#8221;1&#8243; media_items=&#8221;media|lightbox|original,title,caption,team-social&#8221; screen_lg=&#8221;1720&#8243; screen_md=&#8221;1000&#8243; screen_sm=&#8221;600&#8243; single_width=&#8221;1&#8243; single_overlay_color=&#8221;accent&#8221; single_overlay_opacity=&#8221;80&#8243; single_image_anim=&#8221;no&#8221; single_h_align=&#8221;center&#8221; single_padding=&#8221;1&#8243; single_text_reduced=&#8221;yes&#8221; single_title_transform=&#8221;uppercase&#8221; single_icon=&#8221;fa fa-plus2&#8243; single_border=&#8221;yes&#8221; items=&#8221;eyI1NDc1NF9pIjp7InNpbmdsZV9pY29uIjoiZmEgZmEtcGx1czIiLCJzaW5nbGVfd2lkdGgiOiIyIiwic2luZ2xlX2ltYWdlX2NvbG9yX2FuaW0iOiIiLCJzaW5nbGVfbGF5b3V0IjoibWVkaWF8bm9saW5rfG9yaWdpbmFsLHRpdGxlLGNhcHRpb24sc2VwLW9uZXxmdWxsLHRlYW0tc29jaWFsIn0sIjU0NzUzX2kiOnsic2luZ2xlX2ljb24iOiJmYSBmYS1wbHVzMiIsInNpbmdsZV93aWR0aCI6IjIiLCJzaW5nbGVfbGF5b3V0IjoibWVkaWF8bm9saW5rfG9yaWdpbmFsLHRpdGxlLGNhcHRpb24sc2VwLW9uZXxmdWxsLHRlYW0tc29jaWFsIn0sIjU0NzU3X2kiOnsic2luZ2xlX3dpZHRoIjoiMiJ9LCI1NDc1Nl9pIjp7InNpbmdsZV93aWR0aCI6IjIifX0=&#8221; uncode_shortcode_id=&#8221;435804&#8243; filter_all_text=&#8221;Vsi&#8221;][vc_separator sep_color=&#8221;color-uydo&#8221;][\/vc_column][\/vc_row][vc_row row_height_percent=&#8221;0&#8243; override_padding=&#8221;yes&#8221; h_padding=&#8221;2&#8243; top_padding=&#8221;3&#8243; bottom_padding=&#8221;4&#8243; overlay_alpha=&#8221;50&#8243; gutter_size=&#8221;3&#8243; shift_y=&#8221;0&#8243; row_name=&#8221;Awards&#8221;][vc_column width=&#8221;1\/1&#8243;][vc_custom_heading text_size=&#8221;h4&#8243; text_transform=&#8221;uppercase&#8221; text_space=&#8221;fontspace-210350&#8243; separator_color=&#8221;yes&#8221; separator=&#8221;yes&#8221; css_animation=&#8221;bottom-t-top&#8221;]Awards for achievements in architecture and engineering[\/vc_custom_heading][vc_row_inner row_inner_height_percent=&#8221;0&#8243; overlay_alpha=&#8221;50&#8243; gutter_size=&#8221;4&#8243; shift_y=&#8221;0&#8243; limit_content=&#8221;&#8221;][vc_column_inner width=&#8221;1\/4&#8243;][vc_separator sep_color=&#8221;color-uydo&#8221; css_animation=&#8221;zoom-in&#8221;][vc_column_text css_animation=&#8221;bottom-t-top&#8221; uncode_shortcode_id=&#8221;779506&#8243;]<\/p>\n<h3 class=\"h6\">Maks Fabiani Award, 2023<\/h3>\n<p><span style=\"color: #cc0000;\">National spatial plan for the upgrade of the Gorenjska line on the Ljubljana-Kranj\/Naklo section<\/span><br \/>Project team: Elea iC d.o.o., Projekt Nova Gorica, TIRING, d.o.o., Trzin, S\u017d projektivno podjetje Ljubljana \u2013 with subcontractors<br \/>Project authors: Evgen \u010cargo, Marjan Gracar, Matja\u017e Vrhkar and Katja Lon\u010dar[\/vc_column_text][\/vc_column_inner][vc_column_inner width=&#8221;1\/4&#8243;][vc_separator sep_color=&#8221;color-uydo&#8221; css_animation=&#8221;zoom-in&#8221; animation_delay=&#8221;300&#8243;][vc_column_text css_animation=&#8221;bottom-t-top&#8221; animation_delay=&#8221;300&#8243; uncode_shortcode_id=&#8221;250728&#8243;]<\/p>\n<h3 class=\"h6\">2nd prize in the public architectural competition, 2023<\/h3>\n<p><span style=\"color: #cc0000;\">Small Tivoli Ice Hall<\/span><br \/>Studio Sadar: Jure Sadar, Danilo Silan<br \/>Elea iC: \u0160pela \u0160tern, Luka Javornik, Nata\u0161a Mrkonji\u0107, An\u017ee Grubelnik, Toma\u017e Strmole, Rok Avsec[\/vc_column_text][\/vc_column_inner][vc_column_inner width=&#8221;1\/4&#8243;][vc_separator sep_color=&#8221;color-uydo&#8221; css_animation=&#8221;zoom-in&#8221; animation_delay=&#8221;600&#8243;][vc_column_text css_animation=&#8221;bottom-t-top&#8221; animation_delay=&#8221;600&#8243; uncode_shortcode_id=&#8221;228243&#8243;]<\/p>\n<h3 class=\"h6\">2nd equal prize in a public architectural competition, 2022<\/h3>\n<p><span style=\"color: #cc0000;\">New footbridge over Maribor Island<\/span><br \/>Fernando Alonso Tuero, Sara Jesihar, dr. Jaka Zevnik, Matej Ku\u010dina, Rok Avsec, Dominik Klemen\u010di\u010d[\/vc_column_text][\/vc_column_inner][vc_column_inner width=&#8221;1\/4&#8243;][vc_separator sep_color=&#8221;color-uydo&#8221; css_animation=&#8221;zoom-in&#8221; animation_delay=&#8221;900&#8243;][vc_column_text css_animation=&#8221;bottom-t-top&#8221; animation_delay=&#8221;900&#8243; uncode_shortcode_id=&#8221;640865&#8243;]<\/p>\n<h3 class=\"h6\">Recognition at architectural contest, 2021<\/h3>\n<p><span style=\"color: #cc0000;\">Expansion of the infectious disease clinic at the University Hospital Ljubljana<\/span><br \/>Sadar+Vuga in Elea iC: Jurij Sadrar, Bo\u0161tjan Vuga, Miha \u010cebulj, \u0160pela \u0160tern, Angelo \u017digon, Peder Lindblad, Jure Snoj, Milan Ku\u0161eni\u010d, Drago Kitner[\/vc_column_text][\/vc_column_inner][\/vc_row_inner][vc_row_inner row_inner_height_percent=&#8221;0&#8243; overlay_alpha=&#8221;50&#8243; gutter_size=&#8221;4&#8243; shift_y=&#8221;0&#8243; limit_content=&#8221;&#8221;][vc_column_inner width=&#8221;1\/4&#8243;][vc_separator sep_color=&#8221;color-uydo&#8221; css_animation=&#8221;zoom-in&#8221;][vc_column_text css_animation=&#8221;bottom-t-top&#8221; uncode_shortcode_id=&#8221;101257&#8243;]<\/p>\n<h3 class=\"h6\">3rd prize in the public architectural competition, 2020<\/h3>\n<p><span style=\"color: #cc0000;\">Phase 2 architecture: UL Faculty of Pharmacy <\/span><br \/>Economic entity: Elea iC and JKMM Arkkitehdit<br \/>\u0160pela \u0160tern, Toma\u017e Strmole, dr. Jaka Zevnik, Rok Avsec[\/vc_column_text][\/vc_column_inner][vc_column_inner width=&#8221;1\/4&#8243;][vc_separator sep_color=&#8221;color-uydo&#8221; css_animation=&#8221;zoom-in&#8221; animation_delay=&#8221;300&#8243;][vc_column_text css_animation=&#8221;bottom-t-top&#8221; animation_delay=&#8221;300&#8243; uncode_shortcode_id=&#8221;128569&#8243;]<\/p>\n<h3 class=\"h6\">3rd prize at architectural contest, 2012<\/h3>\n<p><span style=\"color: #cc0000;\">New footbridge over the Ljubljanica river between Fish market and Gerber\u2019s steps<\/span><br \/>Damjan Brada\u010d, dr. Jaka Zevnik, Angelo \u017digon, Mark Koritnik, Maria Leonor Coutinho, Jernej Jakopin[\/vc_column_text][\/vc_column_inner][vc_column_inner width=&#8221;1\/4&#8243;][vc_separator sep_color=&#8221;color-uydo&#8221; css_animation=&#8221;zoom-in&#8221; animation_delay=&#8221;600&#8243;][vc_column_text css_animation=&#8221;bottom-t-top&#8221; animation_delay=&#8221;600&#8243; uncode_shortcode_id=&#8221;212858&#8243;]<\/p>\n<h3 class=\"h6\">Recognition at architectural contest, 2011<\/h3>\n<p><span style=\"color: #cc0000;\">Passive houses of broader So\u010da valley \u2013 Kobarid-Tolmin house type<\/span><br \/>Nata\u0161a \u0160trukelj, Marijana \u017digon, Mateja Sim\u010di\u010d[\/vc_column_text][\/vc_column_inner][vc_column_inner width=&#8221;1\/4&#8243;][vc_separator sep_color=&#8221;color-uydo&#8221; css_animation=&#8221;zoom-in&#8221; animation_delay=&#8221;900&#8243;][vc_column_text css_animation=&#8221;bottom-t-top&#8221; animation_delay=&#8221;900&#8243; uncode_shortcode_id=&#8221;916931&#8243;]<\/p>\n<h3 class=\"h6\">High recognition at architectural contest, 2011<\/h3>\n<p><span style=\"color: #cc0000;\">Passive houses of broader So\u010da valley \u2013 Kobarid-Tolmin house type<\/span><br \/>Nata\u0161a \u0160trukelj, Marijana \u017digon, Mateja Sim\u010di\u010d[\/vc_column_text][\/vc_column_inner][\/vc_row_inner][vc_row_inner row_inner_height_percent=&#8221;0&#8243; overlay_alpha=&#8221;50&#8243; gutter_size=&#8221;4&#8243; shift_y=&#8221;0&#8243; limit_content=&#8221;&#8221;][vc_column_inner width=&#8221;1\/4&#8243;][vc_separator sep_color=&#8221;color-uydo&#8221; css_animation=&#8221;zoom-in&#8221;][vc_column_text css_animation=&#8221;bottom-t-top&#8221; uncode_shortcode_id=&#8221;133771&#8243;]<\/p>\n<h3 class=\"h6\">Golden Pencil Award, 2010<\/h3>\n<p><span style=\"color: #cc0000;\">Urban park \u0160entvid<\/span><br \/>Damjan Brada\u010d, Matej Ku\u010dina[\/vc_column_text][\/vc_column_inner][vc_column_inner width=&#8221;1\/4&#8243;][vc_separator sep_color=&#8221;color-uydo&#8221; css_animation=&#8221;zoom-in&#8221; animation_delay=&#8221;300&#8243;][vc_column_text css_animation=&#8221;bottom-t-top&#8221; animation_delay=&#8221;300&#8243; uncode_shortcode_id=&#8221;355750&#8243;]<\/p>\n<h3 class=\"h6\">The prize of the Slovenian Chamber of Engineers for a unique engineering achievement, 2009<\/h3>\n<p><span style=\"color: #cc0000;\">Planning the entire complex of the \u0160entvid tunnel<\/span><br \/>Angelo \u017digon, Elea iC[\/vc_column_text][\/vc_column_inner][vc_column_inner width=&#8221;1\/4&#8243;][vc_separator sep_color=&#8221;color-uydo&#8221; css_animation=&#8221;zoom-in&#8221; animation_delay=&#8221;600&#8243;][vc_column_text css_animation=&#8221;bottom-t-top&#8221; animation_delay=&#8221;600&#8243; uncode_shortcode_id=&#8221;539717&#8243;]<\/p>\n<h3 class=\"h6\">Prize of the Chamber of Architecture and Space of Slovenia, 2007<\/h3>\n<p><span style=\"color: #cc0000;\">Head offices of the University of Primorska and the Faculty of Humanities<\/span><br \/>Nata\u0161a \u0160trukelj, Barbara Debevec, Lara Mo\u017ee, Bernard Podboj and Jure Melon[\/vc_column_text][\/vc_column_inner][vc_column_inner width=&#8221;1\/4&#8243;][vc_separator sep_color=&#8221;color-uydo&#8221; css_animation=&#8221;zoom-in&#8221; animation_delay=&#8221;900&#8243;][vc_column_text css_animation=&#8221;bottom-t-top&#8221; animation_speed=&#8221;900&#8243; uncode_shortcode_id=&#8221;997610&#8243;]<\/p>\n<h3 class=\"h6\">3rd prize at urbanist contest, 2007<\/h3>\n<p><span style=\"color: #cc0000;\">Re-arrangement of the port of Koper<\/span><br \/>Damjan Brada\u010d[\/vc_column_text][\/vc_column_inner][\/vc_row_inner][vc_row_inner row_inner_height_percent=&#8221;0&#8243; overlay_alpha=&#8221;50&#8243; gutter_size=&#8221;4&#8243; shift_y=&#8221;0&#8243; limit_content=&#8221;&#8221;][vc_column_inner width=&#8221;1\/4&#8243;][vc_separator sep_color=&#8221;color-uydo&#8221; css_animation=&#8221;zoom-in&#8221;][vc_column_text css_animation=&#8221;bottom-t-top&#8221; uncode_shortcode_id=&#8221;168795&#8243;]<\/p>\n<h3 class=\"h6\">The prize of the Slovenian Chamber of Engineers for exquisite engineering achievements in the period of 10 years, 2007<\/h3>\n<p><span style=\"color: #cc0000;\">Structural solutions to residential, business and industrial facilities<\/span><br \/>Andrej Poga\u010dnik, Elea iC[\/vc_column_text][\/vc_column_inner][vc_column_inner width=&#8221;1\/4&#8243;][vc_separator sep_color=&#8221;color-uydo&#8221; css_animation=&#8221;zoom-in&#8221; animation_delay=&#8221;300&#8243;][vc_column_text css_animation=&#8221;bottom-t-top&#8221; animation_delay=&#8221;300&#8243; uncode_shortcode_id=&#8221;124905&#8243;]<\/p>\n<h3 class=\"h6\">Golden Pencil Award, 2007<\/h3>\n<p><span style=\"color: #cc0000;\">Head offices of the University of Primorska and the Faculty of Humanities<\/span><br \/>Nata\u0161a \u0160trukelj, Barbara Debevec, Lara Mo\u017ee, Bernard Podboj and Jure Melon<\/p>\n<p>[\/vc_column_text][\/vc_column_inner][vc_column_inner width=&#8221;1\/4&#8243;][vc_separator sep_color=&#8221;color-uydo&#8221; css_animation=&#8221;zoom-in&#8221; animation_delay=&#8221;600&#8243;][vc_column_text css_animation=&#8221;bottom-t-top&#8221; animation_delay=&#8221;600&#8243; uncode_shortcode_id=&#8221;106941&#8243;]<\/p>\n<h3 class=\"h6\">1st prize at architectural contest, 2006<\/h3>\n<p><span style=\"color: #cc0000;\">Elementary school Lavrica<\/span><br \/>Damjan Brada\u010d<\/p>\n<p>[\/vc_column_text][\/vc_column_inner][vc_column_inner width=&#8221;1\/4&#8243;][vc_separator sep_color=&#8221;color-uydo&#8221; css_animation=&#8221;zoom-in&#8221; animation_delay=&#8221;900&#8243;][vc_column_text css_animation=&#8221;bottom-t-top&#8221; animation_delay=&#8221;900&#8243; uncode_shortcode_id=&#8221;155765&#8243;]<\/p>\n<h3 class=\"h6\">European prize for steel construction ECCS, 2005<\/h3>\n<p><span style=\"color: #cc0000;\">TPC Portoval<\/span><br \/>Angelo \u017digon and Marko \u017dibert<\/p>\n<p>[\/vc_column_text][\/vc_column_inner][\/vc_row_inner][vc_row_inner row_inner_height_percent=&#8221;0&#8243; overlay_alpha=&#8221;50&#8243; gutter_size=&#8221;4&#8243; shift_y=&#8221;0&#8243; limit_content=&#8221;&#8221;][vc_column_inner width=&#8221;1\/4&#8243;][vc_separator sep_color=&#8221;color-uydo&#8221; css_animation=&#8221;zoom-in&#8221;][vc_column_text css_animation=&#8221;bottom-t-top&#8221; uncode_shortcode_id=&#8221;643175&#8243;]<\/p>\n<h3 class=\"h6\">European prize for steel construction ECCS, 2001<\/h3>\n<p><span style=\"color: #cc0000;\">Chamber of commerce of Slovenia<\/span><br \/>Angelo \u017digon, Andrej Poga\u010dnik, Jurij Sadar, Bo\u0161tjan Vuga, Imko d.d.[\/vc_column_text][\/vc_column_inner][vc_column_inner width=&#8221;1\/4&#8243;][\/vc_column_inner][vc_column_inner width=&#8221;1\/4&#8243;][\/vc_column_inner][vc_column_inner width=&#8221;1\/4&#8243;][\/vc_column_inner][\/vc_row_inner][\/vc_column][\/vc_row][vc_row unlock_row_content=&#8221;yes&#8221; row_height_percent=&#8221;0&#8243; override_padding=&#8221;yes&#8221; h_padding=&#8221;0&#8243; top_padding=&#8221;0&#8243; bottom_padding=&#8221;0&#8243; overlay_alpha=&#8221;50&#8243; gutter_size=&#8221;3&#8243; shift_y=&#8221;0&#8243; row_name=&#8221;Offices&#8221;][vc_column width=&#8221;1\/1&#8243;][vc_gallery el_id=&#8221;gallery-795538&#8243; medias=&#8221;64356,64339,64335,64337,64341,64354&#8243; gallery_back_color=&#8221;color-133113&#8243; gutter_size=&#8221;0&#8243; screen_lg=&#8221;1000&#8243; screen_md=&#8221;600&#8243; screen_sm=&#8221;480&#8243; single_width=&#8221;2&#8243; images_size=&#8221;one-one&#8221; single_overlay_color=&#8221;accent&#8221; single_overlay_opacity=&#8221;80&#8243; single_h_align=&#8221;center&#8221; single_padding=&#8221;2&#8243; single_icon=&#8221;fa fa-plus2&#8243; single_border=&#8221;yes&#8221; single_css_animation=&#8221;zoom-in&#8221; single_animation_delay=&#8221;300&#8243; uncode_shortcode_id=&#8221;344760&#8243; gallery_back_color_type=&#8221;uncode-palette&#8221;][\/vc_column][\/vc_row][vc_row row_height_percent=&#8221;0&#8243; override_padding=&#8221;yes&#8221; h_padding=&#8221;2&#8243; top_padding=&#8221;4&#8243; bottom_padding=&#8221;4&#8243; back_color=&#8221;color-lxmt&#8221; overlay_alpha=&#8221;50&#8243; gutter_size=&#8221;3&#8243; shift_y=&#8221;0&#8243; row_name=&#8221;Company ID&#8221;][vc_column width=&#8221;1\/1&#8243;][vc_custom_heading text_size=&#8221;h4&#8243; text_transform=&#8221;uppercase&#8221; text_space=&#8221;fontspace-210350&#8243; separator_color=&#8221;yes&#8221; separator=&#8221;yes&#8221; css_animation=&#8221;bottom-t-top&#8221;]Company ID[\/vc_custom_heading][vc_row_inner limit_content=&#8221;&#8221;][vc_column_inner column_width_percent=&#8221;100&#8243; gutter_size=&#8221;3&#8243; overlay_alpha=&#8221;50&#8243; shift_x=&#8221;0&#8243; shift_y=&#8221;0&#8243; z_index=&#8221;0&#8243; medium_width=&#8221;0&#8243; css_animation=&#8221;bottom-t-top&#8221; width=&#8221;1\/4&#8243;][vc_column_text uncode_shortcode_id=&#8221;588877&#8243;]<\/p>\n<h6>HEADQUARTERS<\/h6>\n<p>ELEA iC d.o.o.<br \/>Engineering and consulting<\/p>\n<p>Dunajska cesta 21<br \/>1000 Ljubljana, Slovenia<br \/>T +386 1 474 10 00<br \/>F +386 1 474 10 01<br \/>E <a href=\"mailto:info@elea.si\">info@elea.si<\/a>[\/vc_column_text][\/vc_column_inner][vc_column_inner column_width_percent=&#8221;100&#8243; gutter_size=&#8221;3&#8243; overlay_alpha=&#8221;50&#8243; shift_x=&#8221;0&#8243; shift_y=&#8221;0&#8243; z_index=&#8221;0&#8243; medium_width=&#8221;0&#8243; css_animation=&#8221;bottom-t-top&#8221; animation_delay=&#8221;300&#8243; width=&#8221;1\/4&#8243;][vc_column_text uncode_shortcode_id=&#8221;152651&#8243;]<\/p>\n<h6>MANAGEMENT<\/h6>\n<p>Angelo \u017digon, univ. dipl. in\u017e. gradb.<br \/>General manager, member of the board<\/p>\n<p>Andrej Poga\u010dnik, univ. dipl. in\u017e. gradb.<br \/>Technical manager, member of the board<\/p>\n<p>Marko \u017dibert, univ. dipl. in\u017e. grad.<br \/>Technical manager, member of the board<\/p>\n<p>Number of active Eleats: 101<br \/>E-mail addresses: name.lastname@elea.si[\/vc_column_text][\/vc_column_inner][vc_column_inner column_width_percent=&#8221;100&#8243; gutter_size=&#8221;3&#8243; overlay_alpha=&#8221;50&#8243; shift_x=&#8221;0&#8243; shift_y=&#8221;0&#8243; z_index=&#8221;0&#8243; medium_width=&#8221;0&#8243; css_animation=&#8221;bottom-t-top&#8221; animation_delay=&#8221;600&#8243; width=&#8221;1\/4&#8243;][vc_column_text]<\/p>\n<h6>REGISTRATION NUMBERS<\/h6>\n<p>The company is registered with the District Court of Ljubljana under entry number 113394\/00.<\/p>\n<p>Base capital: 418,962.00 EUR<\/p>\n<p>Company number: 5522749000<\/p>\n<p>VAT ID: SI17212839[\/vc_column_text][\/vc_column_inner][vc_column_inner column_width_percent=&#8221;100&#8243; gutter_size=&#8221;3&#8243; overlay_alpha=&#8221;50&#8243; shift_x=&#8221;0&#8243; shift_y=&#8221;0&#8243; z_index=&#8221;0&#8243; medium_width=&#8221;0&#8243; css_animation=&#8221;bottom-t-top&#8221; animation_delay=&#8221;900&#8243; width=&#8221;1\/4&#8243;][vc_column_text uncode_shortcode_id=&#8221;172556&#8243;]<\/p>\n<h6>BANK ACCOUNTS<\/h6>\n<p>SI56 0400 0027 7623 253 (OTP)<br \/>SI56 2900 0005 0061 072 (UniCredit)<br \/>SI56 0292 4026 5738 963 (NLB)[\/vc_column_text][\/vc_column_inner][\/vc_row_inner][\/vc_column][\/vc_row]<\/p>\n<\/div>","protected":false},"excerpt":{"rendered":"<p>[vc_row row_height_percent=&#8221;0&#8243; override_padding=&#8221;yes&#8221; h_padding=&#8221;2&#8243; top_padding=&#8221;4&#8243; bottom_padding=&#8221;3&#8243; overlay_alpha=&#8221;50&#8243; gutter_size=&#8221;3&#8243; shift_y=&#8221;0&#8243; row_name=&#8221;History&#8221;][vc_column column_width_percent=&#8221;100&#8243; gutter_size=&#8221;3&#8243; overlay_alpha=&#8221;50&#8243; shift_x=&#8221;0&#8243; shift_y=&#8221;0&#8243; z_index=&#8221;0&#8243; medium_width=&#8221;0&#8243; css_animation=&#8221;bottom-t-top&#8221; width=&#8221;1\/3&#8243;][vc_custom_heading text_size=&#8221;h4&#8243; [&hellip;]<\/p>\n","protected":false},"author":1,"featured_media":59683,"parent":0,"menu_order":5,"comment_status":"closed","ping_status":"closed","template":"","meta":{"footnotes":""},"class_list":["post-58502","page","type-page","status-publish","has-post-thumbnail","hentry"],"_links":{"self":[{"href":"https:\/\/www.elea.si\/en\/wp-json\/wp\/v2\/pages\/58502","targetHints":{"allow":["GET"]}}],"collection":[{"href":"https:\/\/www.elea.si\/en\/wp-json\/wp\/v2\/pages"}],"about":[{"href":"https:\/\/www.elea.si\/en\/wp-json\/wp\/v2\/types\/page"}],"author":[{"embeddable":true,"href":"https:\/\/www.elea.si\/en\/wp-json\/wp\/v2\/users\/1"}],"replies":[{"embeddable":true,"href":"https:\/\/www.elea.si\/en\/wp-json\/wp\/v2\/comments?post=58502"}],"version-history":[{"count":231,"href":"https:\/\/www.elea.si\/en\/wp-json\/wp\/v2\/pages\/58502\/revisions"}],"predecessor-version":[{"id":64928,"href":"https:\/\/www.elea.si\/en\/wp-json\/wp\/v2\/pages\/58502\/revisions\/64928"}],"wp:featuredmedia":[{"embeddable":true,"href":"https:\/\/www.elea.si\/en\/wp-json\/wp\/v2\/media\/59683"}],"wp:attachment":[{"href":"https:\/\/www.elea.si\/en\/wp-json\/wp\/v2\/media?parent=58502"}],"curies":[{"name":"wp","href":"https:\/\/api.w.org\/{rel}","templated":true}]}}